{"id":4642,"date":"2022-04-01T17:46:58","date_gmt":"2022-04-01T17:46:58","guid":{"rendered":"https:\/\/essentials.pixfort.com\/digital-agency-elementor\/?page_id=4642"},"modified":"2022-04-01T17:46:58","modified_gmt":"2022-04-01T17:46:58","slug":"coming-soon-elementor","status":"publish","type":"page","link":"https:\/\/digitalsalme.com\/es\/coming-soon-elementor\/","title":{"rendered":"Coming soon Elementor"},"content":{"rendered":"<div data-elementor-type=\"wp-page\" data-elementor-id=\"4642\" class=\"elementor elementor-4642\">\n\t\t\t\t\t\t<section data-pix-dividers=\"&lt;div class=&quot;pix-divider  position-relative pix-bottom-divider&quot; data-style=&quot;style-24&quot; style=&quot;bottom:-1px;&quot;&gt;&lt;svg xmlns=&quot;http:\/\/www.w3.org\/2000\/svg&quot; width=&quot;100%&quot;  viewBox=&quot;0 0 300 130&quot; preserveAspectRatio=&quot;none&quot;&gt;&lt;g fill=&quot;url(#divider-pix-accordion-497883-bottom-overlay-layer-3)&quot; &gt;&lt;polygon points=&quot;205.6875 18.8837729 300 3.92225477e-14 300 49.83 205.6875 68.67&quot;&gt;&lt;\/polygon&gt;&lt;path d=&quot;M43.5002561,84.4287699 L43.5002561,67.6974063 L0,76.0518732 L0,93.1053435 L43.5002561,84.4287699 Z M43.1248125,68.1469741 L43.1248125,84.5056196 L0,93.1036023 L0,76.426513 L43.1248125,68.1469741 Z&quot;&gt;&lt;\/path&gt;&lt;\/g&gt;&lt;g fill=&quot;url(#divider-pix-accordion-497883-bottom-overlay-layer-2)&quot; &gt;&lt;polygon points=&quot;0 109.769452 300 49.8270893 300 130 0 130&quot;&gt;&lt;\/polygon&gt;&lt;\/g&gt;&lt;g fill=&quot;url(#divider-pix-accordion-497883-bottom-overlay-layer-1)&quot; transform=&quot;translate(0.0, 49.83)&quot;&gt;&lt;polygon points=&quot;87.319394 25.82088 87.375 42.5187032 71.812 45.62088 71.8127561 62.3221129 0 77.0678507 0 76.6446398 71.4373125 62.0149568 71.437 45.69588 0 59.9394524 0 43.2679827&quot;&gt;&lt;\/polygon&gt;&lt;polygon points=&quot;256.3125 8.72 300 2.1931479e-17 300 16.5748991 256.3125 25.2852738&quot;&gt;&lt;\/polygon&gt;&lt;\/g&gt;&lt;defs&gt;&lt;linearGradient id=&quot;divider-pix-accordion-497883-bottom-overlay-layer-3&quot; x1=&quot;0%&quot; y1=&quot;0%&quot; x2=&quot;100%&quot; y2=&quot;0%&quot;&gt;&lt;stop offset=&quot;0%&quot;   stop-color=&quot;#FFFFFF99&quot;\/&gt;&lt;stop offset=&quot;100%&quot;   stop-color=&quot;#E9ECEF&quot;\/&gt;&lt;\/linearGradient&gt;&lt;linearGradient id=&quot;divider-pix-accordion-497883-bottom-overlay-layer-2&quot; x1=&quot;0%&quot; y1=&quot;0%&quot; x2=&quot;100%&quot; y2=&quot;0%&quot;&gt;&lt;stop offset=&quot;0%&quot;   stop-color=&quot;#E9ECEF33&quot;\/&gt;&lt;stop offset=&quot;100%&quot;   stop-color=&quot;#E9ECEFBF&quot;\/&gt;&lt;\/linearGradient&gt;&lt;linearGradient id=&quot;divider-pix-accordion-497883-bottom-overlay-layer-1&quot; x1=&quot;0%&quot; y1=&quot;0%&quot; x2=&quot;100%&quot; y2=&quot;0%&quot;&gt;&lt;stop offset=&quot;0%&quot;   stop-color=&quot;#E9ECEF33&quot;\/&gt;&lt;stop offset=&quot;100%&quot;   stop-color=&quot;#ffffff&quot;\/&gt;&lt;\/linearGradient&gt;&lt;\/defs&gt;&lt;\/svg&gt;&lt;\/div&gt;\" class=\"elementor-section elementor-top-section elementor-element elementor-element-3963990a elementor-section-stretched elementor-section-boxed elementor-section-height-default elementor-section-height-default\" data-id=\"3963990a\" data-element_type=\"section\" data-e-type=\"section\" data-settings=\"{&quot;stretch_section&quot;:&quot;section-stretched&quot;,&quot;background_background&quot;:&quot;classic&quot;}\">\n\t\t\t\t\t\t<div class=\"elementor-container elementor-column-gap-no\">\n\t\t\t\t\t<div class=\"elementor-column elementor-col-100 elementor-top-column elementor-element elementor-element-2a8fb05c\" data-id=\"2a8fb05c\" data-element_type=\"column\" data-e-type=\"column\">\n\t\t\t<div class=\"elementor-widget-wrap elementor-element-populated\">\n\t\t\t\t\t\t<section class=\"elementor-section elementor-inner-section elementor-element elementor-element-6155f4d0 elementor-section-boxed elementor-section-height-default elementor-section-height-default\" data-id=\"6155f4d0\" data-element_type=\"section\" data-e-type=\"section\">\n\t\t\t\t\t\t<div class=\"elementor-container elementor-column-gap-default\">\n\t\t\t\t\t<div class=\"elementor-column elementor-col-100 elementor-inner-column elementor-element elementor-element-2749ed13\" data-id=\"2749ed13\" data-element_type=\"column\" data-e-type=\"column\">\n\t\t\t<div class=\"elementor-widget-wrap elementor-element-populated\">\n\t\t\t\t\t\t<div class=\"elementor-element elementor-element-67f88626 elementor-invisible elementor-widget elementor-widget-pix-img\" data-id=\"67f88626\" data-element_type=\"widget\" data-e-type=\"widget\" data-widget_type=\"pix-img.default\">\n\t\t\t\t<div class=\"elementor-widget-container\">\n\t\t\t\t\t<div class=\"pix-img-div  text-center\"><div class=\"animate-in  d-inline-block\" data-anim-type=\"fade-in-up\" data-anim-delay=\"0\"><div class=\"pix-img-el    text-center d-inline-block   rounded-0\"  ><img decoding=\"async\" class=\"card-img2 pix-img-elem rounded-0  h-1002\" style=\"width:120px;height:auto;\" width=\"171\" height=\"110\" src=\"https:\/\/digitalsalme.com\/wp-content\/uploads\/2022\/01\/digital-agency-logo-dark-1.png\" alt=\"\" \/><\/div><\/div><\/div>\t\t\t\t<\/div>\n\t\t\t\t<\/div>\n\t\t\t\t<div class=\"elementor-element elementor-element-1ca801bf elementor-invisible elementor-widget elementor-widget-pix-badge\" data-id=\"1ca801bf\" data-element_type=\"widget\" data-e-type=\"widget\" data-widget_type=\"pix-badge.default\">\n\t\t\t\t<div class=\"elementor-widget-container\">\n\t\t\t\t\t<div class=\"pix-element-div w-100 text-center\"><h6 class=\"pix-badge-element d-inline-block mr-1 animate-in\" data-anim-type=\"fade-in-up\" data-anim-delay=\"0\"><span class=\"badge font-weight-bold secondary-font badge-pill shadow bg-white\" style=\" \"><span class=\"text-heading-default\" style=\"\">Stay tuned<\/span><\/span><\/h6><\/div>\t\t\t\t<\/div>\n\t\t\t\t<\/div>\n\t\t\t\t<div class=\"elementor-element elementor-element-4e28b79 elementor-invisible elementor-widget elementor-widget-pix-highlighted-text\" data-id=\"4e28b79\" data-element_type=\"widget\" data-e-type=\"widget\" data-widget_type=\"pix-highlighted-text.default\">\n\t\t\t\t<div class=\"elementor-widget-container\">\n\t\t\t\t\t<div id=\"highlighted-text-132363728\" class=\"pix-highlighted-element text-center\"><div class=\"d-inline-block\" style=\"max-width:700px;\"><h1 class=\"pix-highlighted-items animate-in\" style=\"\" data-anim-type=\"fade-in-up\" data-anim-delay=\"100\"><span id=\"highlighted-text-132363728-0\" class=\"elementor-repeater-item-2430d8b\"><span class=\"pix-highlighted-text pix-highlight-item font-weight-normal  font-weight-bold heading-font text-heading-default\">Hey There<\/span><\/span><div class=\"d-inline-flex mx-2 scale highlighted-text-132363728-1 animate-in rounded-0\" data-anim-type=\"pix-3d-right-in\" data-anim-delay=\"0\" style=\"vertical-align: middle;line-height:1;\"><img decoding=\"async\" class=\"pix-fit-cover rounded-0 animate-in\" src=\"https:\/\/digitalsalme.com\/wp-content\/uploads\/2022\/02\/ht-image-6-1.png\" width=\"70\" height=\"70\" style=\"\" alt=\"\"><\/div><\/br><span id=\"highlighted-text-132363728-2\" class=\"elementor-repeater-item-d4de29a\"><span class=\"pix-highlighted-text pix-highlight-item font-weight-normal  font-weight-bold heading-font text-heading-default\">We're coming soon!<\/span><\/span><\/h1><\/div><\/div>\t\t\t\t<\/div>\n\t\t\t\t<\/div>\n\t\t\t\t<div class=\"elementor-element elementor-element-15da116c elementor-invisible elementor-widget elementor-widget-pix-text\" data-id=\"15da116c\" data-element_type=\"widget\" data-e-type=\"widget\" data-widget_type=\"pix-text.default\">\n\t\t\t\t<div class=\"elementor-widget-container\">\n\t\t\t\t\t<div class=\"pix-el-text w-100 text-center\" ><p class=\"text-20 m-0 text-body-default text-center\" ><span class=\"text-body-default animate-in d-inline-block\" data-anim-delay=\"200\" data-anim-type=\"fade-in-up\">We are upgrading our website and we back online very soon.<\/span><\/p><\/div>\t\t\t\t<\/div>\n\t\t\t\t<\/div>\n\t\t\t\t<div class=\"elementor-element elementor-element-416f347c elementor-invisible elementor-widget elementor-widget-pix-countdown\" data-id=\"416f347c\" data-element_type=\"widget\" data-e-type=\"widget\" data-widget_type=\"pix-countdown.default\">\n\t\t\t\t<div class=\"elementor-widget-container\">\n\t\t\t\t\t<div class=\"pix-countdown w-100 text-center  animate-in\" data-date=\"12\/30\/2022 12:00:00\" data-anim-type=\"fade-in-up\" data-anim-delay=\"300\" >\n            <div class=\"row\">\n                <div class=\"col-12 col-sm py-3\">\n                    <h1 class=\"display-2 mb-3\"><span class=\"pix-count-days text-primary font-weight-bold secondary-font\" style=\";\">0<\/span><\/h1>\n                    <h6 class=\"text-heading-default\" ><strong>Days<\/strong><\/h6>\n                <\/div>\n                <div class=\"col-12 col-sm py-3\">\n                    <h1 class=\"display-2 mb-3\"><span class=\"pix-count-hours text-primary font-weight-bold secondary-font\" style=\";\">0<\/span><\/h1>\n                    <h6 class=\"text-heading-default\" ><strong>Hours<\/strong><\/h6>\n                <\/div>\n                <div class=\"col-12 col-sm py-3\">\n                    <h1 class=\"display-2 mb-3\"><span class=\"pix-count-min text-primary font-weight-bold secondary-font\" style=\";\">0<\/span><\/h1>\n                    <h6 class=\"text-heading-default\" ><strong>Minutes<\/strong><\/h6>\n                <\/div>\n                <div class=\"col-12 col-sm py-3\">\n                    <h1 class=\"display-2 mb-3\"><span class=\"pix-count-sec text-primary font-weight-bold secondary-font\" style=\";\">0<\/span><\/h1>\n                    <h6 class=\"text-heading-default\" ><strong>Seconds<\/strong><\/h6>\n                <\/div>\n            <\/div>\n        <\/div>\t\t\t\t<\/div>\n\t\t\t\t<\/div>\n\t\t\t\t\t<\/div>\n\t\t<\/div>\n\t\t\t\t\t<\/div>\n\t\t<\/section>\n\t\t\t\t<section class=\"elementor-section elementor-inner-section elementor-element elementor-element-982f4e5 elementor-section-boxed elementor-section-height-default elementor-section-height-default\" data-id=\"982f4e5\" data-element_type=\"section\" data-e-type=\"section\">\n\t\t\t\t\t\t<div class=\"elementor-container elementor-column-gap-default\">\n\t\t\t\t\t<div class=\"elementor-column elementor-col-33 elementor-inner-column elementor-element elementor-element-0bacba7\" data-id=\"0bacba7\" data-element_type=\"column\" data-e-type=\"column\">\n\t\t\t<div class=\"elementor-widget-wrap elementor-element-populated\">\n\t\t\t\t\t\t<section class=\"pix-base-transition animate-in elementor-section elementor-inner-section elementor-element elementor-element-f148e8c elementor-section-boxed elementor-section-height-default elementor-section-height-default\" data-anim-type=\"pix-3d-down-in\" data-anim-delay=\"500\" data-id=\"f148e8c\" data-element_type=\"section\" data-e-type=\"section\" data-settings=\"{&quot;background_background&quot;:&quot;classic&quot;}\">\n\t\t\t\t\t\t<div class=\"elementor-container elementor-column-gap-default\">\n\t\t\t\t\t<div class=\"elementor-column elementor-col-100 elementor-inner-column elementor-element elementor-element-8b869ae\" data-id=\"8b869ae\" data-element_type=\"column\" data-e-type=\"column\">\n\t\t\t<div class=\"elementor-widget-wrap elementor-element-populated\">\n\t\t\t\t\t\t<div class=\"elementor-element elementor-element-28bde4a elementor-invisible elementor-widget elementor-widget-pix-feature\" data-id=\"28bde4a\" data-element_type=\"widget\" data-e-type=\"widget\" data-widget_type=\"pix-feature.default\">\n\t\t\t\t<div class=\"elementor-widget-container\">\n\t\t\t\t\t<div id=\"duo-icon-113940530\" class=\"pix-feature-el text-left\"><div class=\"d-inline-block mw-100 text-secondary animate-in\" data-anim-type=\"fade-in-up\" data-anim-delay=\"50\" style=\"width:54px;aspect-ratio:1\/1 !important;position:relative;line-height:54px;text-align:center;\"><span style=\"display:inline-block;font-size:30px;line-height:30px;\"><svg width=\"100%\" height=\"100%\" viewbox=\"0 0 24 24\" version=\"1.1\" xmlns=\"http:\/\/www.w3.org\/2000\/svg\" xmlns:xlink=\"http:\/\/www.w3.org\/1999\/xlink\"> <defs><\/defs> <g stroke=\"none\" stroke-width=\"1\" fill=\"none\" fill-rule=\"evenodd\"> <path d=\"M13.0799676,14.7839934 L15.2839934,12.5799676 C15.8927139,11.9712471 16.0436229,11.0413042 15.6586342,10.2713269 L15.5337539,10.0215663 C15.1487653,9.25158901 15.2996742,8.3216461 15.9083948,7.71292558 L18.6411989,4.98012149 C18.836461,4.78485934 19.1530435,4.78485934 19.3483056,4.98012149 C19.3863063,5.01812215 19.4179321,5.06200062 19.4419658,5.11006808 L20.5459415,7.31801948 C21.3904962,9.0071287 21.0594452,11.0471565 19.7240871,12.3825146 L13.7252616,18.3813401 C12.2717221,19.8348796 10.1217008,20.3424308 8.17157288,19.6923882 L5.75709327,18.8875616 C5.49512161,18.8002377 5.35354162,18.5170777 5.4408655,18.2551061 C5.46541191,18.1814669 5.50676633,18.114554 5.56165376,18.0596666 L8.21292558,15.4083948 C8.8216461,14.7996742 9.75158901,14.6487653 10.5215663,15.0337539 L10.7713269,15.1586342 C11.5413042,15.5436229 12.4712471,15.3927139 13.0799676,14.7839934 Z\" fill=\"#000000\"><\/path> <path d=\"M14.1480759,6.00715131 L13.9566988,7.99797396 C12.4781389,7.8558405 11.0097207,8.36895892 9.93933983,9.43933983 C8.8724631,10.5062166 8.35911588,11.9685602 8.49664195,13.4426352 L6.50528978,13.6284215 C6.31304559,11.5678496 7.03283934,9.51741319 8.52512627,8.02512627 C10.0223249,6.52792766 12.0812426,5.80846733 14.1480759,6.00715131 Z M14.4980938,2.02230302 L14.313049,4.01372424 C11.6618299,3.76737046 9.03000738,4.69181803 7.1109127,6.6109127 C5.19447112,8.52735429 4.26985715,11.1545872 4.51274152,13.802405 L2.52110319,13.985098 C2.22450978,10.7517681 3.35562581,7.53777247 5.69669914,5.19669914 C8.04101739,2.85238089 11.2606138,1.72147333 14.4980938,2.02230302 Z\" fill=\"#000000\" fill-rule=\"nonzero\" opacity=\"0.3\"><\/path> <\/g> <\/svg>\n<\/span><\/div><h5 class=\"font-weight-bold   text-heading-default animate-in\" style=\"padding-top:15px;\" data-anim-type=\"fade-in-up\" data-anim-delay=\"150\">Contact support<\/h5><div class=\"text-body-default      animate-in\" style=\"padding-top:10px;\" data-anim-type=\"fade-in-up\" data-anim-delay=\"250\">Monday to Friday (9am \u2013 6pm)<\/div><\/div>\t\t\t\t<\/div>\n\t\t\t\t<\/div>\n\t\t\t\t<div class=\"elementor-element elementor-element-58f839f elementor-widget__width-auto elementor-widget elementor-widget-pix-button\" data-id=\"58f839f\" data-element_type=\"widget\" data-e-type=\"widget\" data-widget_type=\"pix-button.default\">\n\t\t\t\t<div class=\"elementor-widget-container\">\n\t\t\t\t\t<a  href=\"#\" class=\"btn m-0     btn-primary d-inline-block pix-hover-item       animate-in btn-normal\"   data-anim-type=\"fade-in-up\" data-anim-delay=\"150\" ><i class=\"font-weight-bold pixicon-phone  pix-hover-left  mr-1\"><\/i> <span class=\"font-weight-bold\" >+1 235 625 215<\/span><\/a>\t\t\t\t<\/div>\n\t\t\t\t<\/div>\n\t\t\t\t\t<\/div>\n\t\t<\/div>\n\t\t\t\t\t<\/div>\n\t\t<\/section>\n\t\t\t\t\t<\/div>\n\t\t<\/div>\n\t\t\t\t<div class=\"elementor-column elementor-col-33 elementor-inner-column elementor-element elementor-element-5964865\" data-id=\"5964865\" data-element_type=\"column\" data-e-type=\"column\">\n\t\t\t<div class=\"elementor-widget-wrap elementor-element-populated\">\n\t\t\t\t\t\t<section class=\"pix-base-transition animate-in elementor-section elementor-inner-section elementor-element elementor-element-ebeec5d elementor-section-boxed elementor-section-height-default elementor-section-height-default\" data-anim-type=\"pix-3d-down-in\" data-anim-delay=\"600\" data-id=\"ebeec5d\" data-element_type=\"section\" data-e-type=\"section\" data-settings=\"{&quot;background_background&quot;:&quot;classic&quot;}\">\n\t\t\t\t\t\t<div class=\"elementor-container elementor-column-gap-default\">\n\t\t\t\t\t<div class=\"elementor-column elementor-col-100 elementor-inner-column elementor-element elementor-element-7717258\" data-id=\"7717258\" data-element_type=\"column\" data-e-type=\"column\">\n\t\t\t<div class=\"elementor-widget-wrap elementor-element-populated\">\n\t\t\t\t\t\t<div class=\"elementor-element elementor-element-ef0180e elementor-invisible elementor-widget elementor-widget-pix-feature\" data-id=\"ef0180e\" data-element_type=\"widget\" data-e-type=\"widget\" data-widget_type=\"pix-feature.default\">\n\t\t\t\t<div class=\"elementor-widget-container\">\n\t\t\t\t\t<div id=\"duo-icon-56402042\" class=\"pix-feature-el text-left\"><div class=\"d-inline-block mw-100 text-secondary animate-in\" data-anim-type=\"fade-in-up\" data-anim-delay=\"50\" style=\"width:54px;aspect-ratio:1\/1 !important;position:relative;line-height:54px;text-align:center;\"><span style=\"display:inline-block;font-size:30px;line-height:30px;\"><svg width=\"100%\" height=\"100%\" viewbox=\"0 0 24 24\" version=\"1.1\" xmlns=\"http:\/\/www.w3.org\/2000\/svg\" xmlns:xlink=\"http:\/\/www.w3.org\/1999\/xlink\"> <defs><\/defs> <g stroke=\"none\" stroke-width=\"1\" fill=\"none\" fill-rule=\"evenodd\"> <path d=\"M21,12.0829584 C20.6747915,12.0283988 20.3407122,12 20,12 C16.6862915,12 14,14.6862915 14,18 C14,18.3407122 14.0283988,18.6747915 14.0829584,19 L5,19 C3.8954305,19 3,18.1045695 3,17 L3,8 C3,6.8954305 3.8954305,6 5,6 L19,6 C20.1045695,6 21,6.8954305 21,8 L21,12.0829584 Z M18.1444251,7.83964668 L12,11.1481833 L5.85557487,7.83964668 C5.4908718,7.6432681 5.03602525,7.77972206 4.83964668,8.14442513 C4.6432681,8.5091282 4.77972206,8.96397475 5.14442513,9.16035332 L11.6444251,12.6603533 C11.8664074,12.7798822 12.1335926,12.7798822 12.3555749,12.6603533 L18.8555749,9.16035332 C19.2202779,8.96397475 19.3567319,8.5091282 19.1603533,8.14442513 C18.9639747,7.77972206 18.5091282,7.6432681 18.1444251,7.83964668 Z\" fill=\"#000000\"><\/path> <circle fill=\"#000000\" opacity=\"0.3\" cx=\"19.5\" cy=\"17.5\" r=\"2.5\"><\/circle> <\/g> <\/svg><\/span><\/div><h5 class=\"font-weight-bold   text-heading-default animate-in\" style=\"padding-top:15px;\" data-anim-type=\"fade-in-up\" data-anim-delay=\"150\">Send an email<\/h5><div class=\"text-body-default      animate-in\" style=\"padding-top:10px;\" data-anim-type=\"fade-in-up\" data-anim-delay=\"250\">Get reply within 24 hours<\/div><\/div>\t\t\t\t<\/div>\n\t\t\t\t<\/div>\n\t\t\t\t<div class=\"elementor-element elementor-element-62205ff elementor-widget__width-auto elementor-widget elementor-widget-pix-button\" data-id=\"62205ff\" data-element_type=\"widget\" data-e-type=\"widget\" data-widget_type=\"pix-button.default\">\n\t\t\t\t<div class=\"elementor-widget-container\">\n\t\t\t\t\t<a  href=\"#\" class=\"btn m-0     btn-primary d-inline-block pix-hover-item       animate-in btn-normal\"   data-anim-type=\"fade-in-up\" data-anim-delay=\"150\" ><i class=\"font-weight-bold pixicon-at  pix-hover-left  mr-1\"><\/i> <span class=\"font-weight-bold\" ><span \n                data-original-string='QTFDb+cJzWVMyd6HPQdAVA==df9XCKT2scqR8I0hXQ0XqcHKw=='\n                class='apbct-email-encoder'\n                title='Este contacto ha sido codificado por Anti-Spam by CleanTalk. Haz clic para decodificar. Para finalizar la decodificaci\u00f3n, aseg\u00farate de que JavaScript est\u00e1 activado en tu navegador.'>em<span class=\"apbct-blur\">***<\/span>@<span class=\"apbct-blur\">**<\/span>te.com<\/span><\/span><\/a>\t\t\t\t<\/div>\n\t\t\t\t<\/div>\n\t\t\t\t\t<\/div>\n\t\t<\/div>\n\t\t\t\t\t<\/div>\n\t\t<\/section>\n\t\t\t\t\t<\/div>\n\t\t<\/div>\n\t\t\t\t<div class=\"elementor-column elementor-col-33 elementor-inner-column elementor-element elementor-element-fc212ce\" data-id=\"fc212ce\" data-element_type=\"column\" data-e-type=\"column\">\n\t\t\t<div class=\"elementor-widget-wrap elementor-element-populated\">\n\t\t\t\t\t\t<section class=\"pix-base-transition animate-in elementor-section elementor-inner-section elementor-element elementor-element-9372901 elementor-section-boxed elementor-section-height-default elementor-section-height-default\" data-anim-type=\"pix-3d-down-in\" data-anim-delay=\"700\" data-id=\"9372901\" data-element_type=\"section\" data-e-type=\"section\" data-settings=\"{&quot;background_background&quot;:&quot;classic&quot;}\">\n\t\t\t\t\t\t<div class=\"elementor-container elementor-column-gap-default\">\n\t\t\t\t\t<div class=\"elementor-column elementor-col-100 elementor-inner-column elementor-element elementor-element-ce851d4\" data-id=\"ce851d4\" data-element_type=\"column\" data-e-type=\"column\">\n\t\t\t<div class=\"elementor-widget-wrap elementor-element-populated\">\n\t\t\t\t\t\t<div class=\"elementor-element elementor-element-64a8de7 elementor-invisible elementor-widget elementor-widget-pix-feature\" data-id=\"64a8de7\" data-element_type=\"widget\" data-e-type=\"widget\" data-widget_type=\"pix-feature.default\">\n\t\t\t\t<div class=\"elementor-widget-container\">\n\t\t\t\t\t<div id=\"duo-icon-31944032\" class=\"pix-feature-el text-left\"><div class=\"d-inline-block mw-100 text-secondary animate-in\" data-anim-type=\"fade-in-up\" data-anim-delay=\"50\" style=\"width:54px;aspect-ratio:1\/1 !important;position:relative;line-height:54px;text-align:center;\"><span style=\"display:inline-block;font-size:30px;line-height:30px;\"><svg width=\"100%\" height=\"100%\" viewbox=\"0 0 24 24\" version=\"1.1\" xmlns=\"http:\/\/www.w3.org\/2000\/svg\" xmlns:xlink=\"http:\/\/www.w3.org\/1999\/xlink\"> <defs><\/defs> <g stroke=\"none\" stroke-width=\"1\" fill=\"none\" fill-rule=\"evenodd\"> <path d=\"M4.88230018,17.2353996 L13.2844582,0.431083506 C13.4820496,0.0359007077 13.9625881,-0.12427877 14.3577709,0.0733126292 C14.5125928,0.15072359 14.6381308,0.276261584 14.7155418,0.431083506 L23.1176998,17.2353996 C23.3152912,17.6305824 23.1551117,18.1111209 22.7599289,18.3087123 C22.5664522,18.4054506 22.3420471,18.4197165 22.1378777,18.3482572 L14,15.5 L5.86212227,18.3482572 C5.44509941,18.4942152 4.98871325,18.2744737 4.84275525,17.8574509 C4.77129597,17.6532815 4.78556182,17.4288764 4.88230018,17.2353996 Z\" id=\"Path-99\" fill=\"#000000\" fill-rule=\"nonzero\" transform=\"translate(14.000087, 9.191034) rotate(-315.000000) translate(-14.000087, -9.191034) \"><\/path> <\/g> <\/svg><\/span><\/div><h5 class=\"font-weight-bold   text-heading-default animate-in\" style=\"padding-top:15px;\" data-anim-type=\"fade-in-up\" data-anim-delay=\"150\">Visit our HQ<\/h5><div class=\"text-body-default      animate-in\" style=\"padding-top:10px;\" data-anim-type=\"fade-in-up\" data-anim-delay=\"250\">La D\u00e9fense, Paris<\/div><\/div>\t\t\t\t<\/div>\n\t\t\t\t<\/div>\n\t\t\t\t<div class=\"elementor-element elementor-element-66cbe99 elementor-widget__width-auto elementor-widget elementor-widget-pix-button\" data-id=\"66cbe99\" data-element_type=\"widget\" data-e-type=\"widget\" data-widget_type=\"pix-button.default\">\n\t\t\t\t<div class=\"elementor-widget-container\">\n\t\t\t\t\t<a  href=\"#\" class=\"btn m-0     btn-primary d-inline-block pix-hover-item       animate-in btn-normal\"   data-anim-type=\"fade-in-up\" data-anim-delay=\"150\" ><i class=\"font-weight-bold pixicon-map-direction  pix-hover-left  mr-1\"><\/i> <span class=\"font-weight-bold\" >Show on map<\/span><\/a>\t\t\t\t<\/div>\n\t\t\t\t<\/div>\n\t\t\t\t\t<\/div>\n\t\t<\/div>\n\t\t\t\t\t<\/div>\n\t\t<\/section>\n\t\t\t\t\t<\/div>\n\t\t<\/div>\n\t\t\t\t\t<\/div>\n\t\t<\/section>\n\t\t\t\t<section class=\"elementor-section elementor-inner-section elementor-element elementor-element-14ea685 elementor-section-boxed elementor-section-height-default elementor-section-height-default\" data-id=\"14ea685\" data-element_type=\"section\" data-e-type=\"section\">\n\t\t\t\t\t\t<div class=\"elementor-container elementor-column-gap-default\">\n\t\t\t\t\t<div class=\"elementor-column elementor-col-100 elementor-inner-column elementor-element elementor-element-388424d\" data-id=\"388424d\" data-element_type=\"column\" data-e-type=\"column\">\n\t\t\t<div class=\"elementor-widget-wrap elementor-element-populated\">\n\t\t\t\t\t\t<div class=\"elementor-element elementor-element-25355a4f elementor-invisible elementor-widget elementor-widget-pix-social-icons\" data-id=\"25355a4f\" data-element_type=\"widget\" data-e-type=\"widget\" data-widget_type=\"pix-social-icons.default\">\n\t\t\t\t<div class=\"elementor-widget-container\">\n\t\t\t\t\t<div class=\"text-body-default text-center pix-social-icons font-weight-bold d-inline-block\" style=\"font-size:30px;\"><a  href=\"https:\/\/facebook.com\/pixfort\" aria-label=\"\" class=\"text-body-default animate-in d-inline-block   px-2\" data-anim-type=\"pix-3d-right-in\" ><i class=\"pixicon-facebook3\" style=\"\"><\/i><\/a><a  href=\"https:\/\/twitter.com\/pixfort\" aria-label=\"\" class=\"text-body-default animate-in d-inline-block   px-2\" data-anim-type=\"pix-3d-right-in\" ><i class=\"pixicon-twitter\" style=\"\"><\/i><\/a><a  href=\"https:\/\/instagram.com\/pixfort\" aria-label=\"\" class=\"text-body-default animate-in d-inline-block   px-2\" data-anim-type=\"pix-3d-right-in\" ><i class=\"pixicon-instagram2\" style=\"\"><\/i><\/a><\/div>\t\t\t\t<\/div>\n\t\t\t\t<\/div>\n\t\t\t\t<div class=\"elementor-element elementor-element-1f557a26 elementor-invisible elementor-widget elementor-widget-pix-text\" data-id=\"1f557a26\" data-element_type=\"widget\" data-e-type=\"widget\" data-widget_type=\"pix-text.default\">\n\t\t\t\t<div class=\"elementor-widget-container\">\n\t\t\t\t\t<div class=\"pix-el-text w-100 text-center\" ><p class=\"text-18   text-center\" ><span class=\"animate-in d-inline-block\" data-anim-delay=\"400\" data-anim-type=\"fade-in-up\">Essentials by pixfort \u00a9 All rights reserved<\/span><\/p><\/div>\t\t\t\t<\/div>\n\t\t\t\t<\/div>\n\t\t\t\t\t<\/div>\n\t\t<\/div>\n\t\t\t\t\t<\/div>\n\t\t<\/section>\n\t\t\t\t\t<\/div>\n\t\t<\/div>\n\t\t\t\t\t<\/div>\n\t\t<\/section>\n\t\t\t\t<\/div>","protected":false},"excerpt":{"rendered":"<p>Stay tuned Hey ThereWe&#8217;re coming soon! We are upgrading our website and we back online very soon. 0 Days 0 Hours 0 Minutes 0 Seconds Contact support Monday to Friday (9am \u2013 6pm) +1 235 625 215 Send an email&#8230;<\/p>","protected":false},"author":1,"featured_media":0,"parent":0,"menu_order":0,"comment_status":"closed","ping_status":"closed","template":"","meta":{"footnotes":""},"class_list":["post-4642","page","type-page","status-publish","hentry"],"_links":{"self":[{"href":"https:\/\/digitalsalme.com\/es\/wp-json\/wp\/v2\/pages\/4642","targetHints":{"allow":["GET"]}}],"collection":[{"href":"https:\/\/digitalsalme.com\/es\/wp-json\/wp\/v2\/pages"}],"about":[{"href":"https:\/\/digitalsalme.com\/es\/wp-json\/wp\/v2\/types\/page"}],"author":[{"embeddable":true,"href":"https:\/\/digitalsalme.com\/es\/wp-json\/wp\/v2\/users\/1"}],"replies":[{"embeddable":true,"href":"https:\/\/digitalsalme.com\/es\/wp-json\/wp\/v2\/comments?post=4642"}],"version-history":[{"count":0,"href":"https:\/\/digitalsalme.com\/es\/wp-json\/wp\/v2\/pages\/4642\/revisions"}],"wp:attachment":[{"href":"https:\/\/digitalsalme.com\/es\/wp-json\/wp\/v2\/media?parent=4642"}],"curies":[{"name":"wp","href":"https:\/\/api.w.org\/{rel}","templated":true}]}}